{"id":11972,"date":"2025-12-16T10:50:20","date_gmt":"2025-12-16T15:50:20","guid":{"rendered":"https:\/\/nuestra-salud.com\/products\/sin%20categor\u00eda\/te-amargo\/"},"modified":"2025-12-16T10:50:20","modified_gmt":"2025-12-16T15:50:20","slug":"te-amargo","status":"publish","type":"product","link":"https:\/\/nuestra-salud.com\/es\/productos\/hierbas\/te-amargo\/","title":{"rendered":"T\u00e9 Amargo"},"content":{"rendered":"<p><span style=\"font-weight: 400;\">T\u00e9 Amargo es conocido por su capacidad para depurar el organismo y mejorar la salud digestiva. Este t\u00e9 es un aliado natural para aquellos que buscan fortalecer su sistema inmunol\u00f3gico y promover el bienestar general. <\/span><\/p>\n<p>&nbsp;<\/p>\n<p><b>Beneficios:<\/b><\/p>\n<ul>\n<li style=\"font-weight: 400;\" aria-level=\"1\"><span style=\"font-weight: 400;\">Depura la sangre y desintoxica el organismo.<\/span><\/li>\n<li style=\"font-weight: 400;\" aria-level=\"1\"><span style=\"font-weight: 400;\">Mejora la digesti\u00f3n y alivia malestares gastrointestinales.<\/span><\/li>\n<li style=\"font-weight: 400;\" aria-level=\"1\"><span style=\"font-weight: 400;\">Fortalece el sistema inmunol\u00f3gico.<\/span><\/li>\n<li style=\"font-weight: 400;\" aria-level=\"1\"><span style=\"font-weight: 400;\">Aumenta la energ\u00eda y la vitalidad.<\/span><\/li>\n<\/ul>\n<p>&nbsp;<\/p>\n<p><b>\u00bfPor qu\u00e9 elegir T\u00e9 Amargo?<\/b><b><br \/>\n<\/b><span style=\"font-weight: 400;\">T\u00e9 Amargo de Nuestra Salud se destaca por su mezcla \u00fanica de hierbas que favorecen la salud digestiva y fortalecen el organismo de manera natural.<\/span><\/p>\n","protected":false},"excerpt":{"rendered":"<p><span style=\"font-weight: 400;\">T\u00e9 Amargo es conocido por su capacidad para depurar el organismo y mejorar la salud digestiva. Este t\u00e9 es un aliado natural para aquellos que buscan fortalecer su sistema inmunol\u00f3gico y promover el bienestar general. <\/span><\/p>\n","protected":false},"featured_media":12901,"template":"","meta":[],"product_brand":[],"product_cat":[721],"product_tag":[581,505,413,411,409],"product_benefit":[508,509],"product_line":[514],"class_list":{"0":"post-11972","1":"product","2":"type-product","3":"status-publish","4":"has-post-thumbnail","6":"product_cat-hierbas","7":"product_tag-bienestar","8":"product_tag-detoxificacion","9":"product_tag-energia","10":"product_tag-salud-digestiva","11":"product_tag-sistema-inmunologico","12":"product_benefit-digestion-es","13":"product_benefit-energia","14":"product_line-linea-hierbas","16":"first","17":"instock","18":"shipping-taxable","19":"purchasable","20":"product-type-simple"},"_links":{"self":[{"href":"https:\/\/nuestra-salud.com\/es\/wp-json\/wp\/v2\/product\/11972","targetHints":{"allow":["GET"]}}],"collection":[{"href":"https:\/\/nuestra-salud.com\/es\/wp-json\/wp\/v2\/product"}],"about":[{"href":"https:\/\/nuestra-salud.com\/es\/wp-json\/wp\/v2\/types\/product"}],"wp:featuredmedia":[{"embeddable":true,"href":"https:\/\/nuestra-salud.com\/es\/wp-json\/wp\/v2\/media\/12901"}],"wp:attachment":[{"href":"https:\/\/nuestra-salud.com\/es\/wp-json\/wp\/v2\/media?parent=11972"}],"wp:term":[{"taxonomy":"product_brand","embeddable":true,"href":"https:\/\/nuestra-salud.com\/es\/wp-json\/wp\/v2\/product_brand?post=11972"},{"taxonomy":"product_cat","embeddable":true,"href":"https:\/\/nuestra-salud.com\/es\/wp-json\/wp\/v2\/product_cat?post=11972"},{"taxonomy":"product_tag","embeddable":true,"href":"https:\/\/nuestra-salud.com\/es\/wp-json\/wp\/v2\/product_tag?post=11972"},{"taxonomy":"product_benefit","embeddable":true,"href":"https:\/\/nuestra-salud.com\/es\/wp-json\/wp\/v2\/product_benefit?post=11972"},{"taxonomy":"product_line","embeddable":true,"href":"https:\/\/nuestra-salud.com\/es\/wp-json\/wp\/v2\/product_line?post=11972"}],"curies":[{"name":"wp","href":"https:\/\/api.w.org\/{rel}","templated":true}]}}