{"id":11969,"date":"2025-12-16T10:50:21","date_gmt":"2025-12-16T15:50:21","guid":{"rendered":"https:\/\/nuestra-salud.com\/products\/sin%20categor\u00eda\/chia\/"},"modified":"2026-01-28T17:15:42","modified_gmt":"2026-01-28T22:15:42","slug":"chia","status":"publish","type":"product","link":"https:\/\/nuestra-salud.com\/es\/productos\/hierbas\/chia\/","title":{"rendered":"Ch\u00eda"},"content":{"rendered":"<p><span style=\"font-weight: 400\">La Ch\u00eda es una fuente rica en \u00e1cidos grasos omega 3, fibra y prote\u00ednas, perfecta para una dieta saludable. Estas peque\u00f1as semillas favorecen la salud del coraz\u00f3n y mejoran la memoria. \u00a1Incorpora Ch\u00eda a tu alimentaci\u00f3n diaria y siente la diferencia!  <\/span><\/p>\n<p>&nbsp;<\/p>\n<p><b>Beneficios:<\/b><\/p>\n<ul>\n<li style=\"font-weight: 400\"><span style=\"font-weight: 400\">Reduce el colesterol malo (LDL) y triglic\u00e9ridos.<\/span><\/li>\n<li style=\"font-weight: 400\"><span style=\"font-weight: 400\">Mejora la memoria y la funci\u00f3n cerebral.<\/span><\/li>\n<li style=\"font-weight: 400\"><span style=\"font-weight: 400\">Regenera tejidos y promueve una piel saludable.<\/span><\/li>\n<li style=\"font-weight: 400\"><span style=\"font-weight: 400\">Ayuda a regular el az\u00facar en sangre.<\/span><\/li>\n<\/ul>\n<p>&nbsp;<\/p>\n<p><b>\u00bfPor qu\u00e9 elegir Ch\u00eda?<\/b><b><br \/>\n<\/b><span style=\"font-weight: 400\">Ch\u00eda de Nuestra Salud es una opci\u00f3n nutritiva y vers\u00e1til para aquellos que buscan una alimentaci\u00f3n balanceada. Su perfil nutricional excepcional la convierte en un superalimento indispensable. \u00a1Empieza hoy!  <\/span><\/p>\n","protected":false},"excerpt":{"rendered":"<p><span style=\"font-weight: 400\">La Ch\u00eda es una fuente rica en \u00e1cidos grasos omega 3, fibra y prote\u00ednas, perfecta para una dieta saludable. Estas peque\u00f1as semillas favorecen la salud del coraz\u00f3n y mejoran la memoria. \u00a1Incorpora Ch\u00eda a tu alimentaci\u00f3n diaria y siente la diferencia!  <\/span><\/p>\n","protected":false},"featured_media":12869,"template":"","meta":[],"product_brand":[],"product_cat":[721],"product_tag":[467,397,462,466,464,463,465],"product_benefit":[511,509],"product_line":[514],"class_list":{"0":"post-11969","1":"product","2":"type-product","3":"status-publish","4":"has-post-thumbnail","6":"product_cat-hierbas","7":"product_tag-azucar-en-sangre","8":"product_tag-control-de-peso","9":"product_tag-fibra","10":"product_tag-memoria","11":"product_tag-omega-3-es","12":"product_tag-proteinas","13":"product_tag-salud-del-corazon","14":"product_benefit-control-de-peso","15":"product_benefit-energia","16":"product_line-linea-hierbas","18":"first","19":"outofstock","20":"shipping-taxable","21":"purchasable","22":"product-type-simple"},"_links":{"self":[{"href":"https:\/\/nuestra-salud.com\/es\/wp-json\/wp\/v2\/product\/11969","targetHints":{"allow":["GET"]}}],"collection":[{"href":"https:\/\/nuestra-salud.com\/es\/wp-json\/wp\/v2\/product"}],"about":[{"href":"https:\/\/nuestra-salud.com\/es\/wp-json\/wp\/v2\/types\/product"}],"wp:featuredmedia":[{"embeddable":true,"href":"https:\/\/nuestra-salud.com\/es\/wp-json\/wp\/v2\/media\/12869"}],"wp:attachment":[{"href":"https:\/\/nuestra-salud.com\/es\/wp-json\/wp\/v2\/media?parent=11969"}],"wp:term":[{"taxonomy":"product_brand","embeddable":true,"href":"https:\/\/nuestra-salud.com\/es\/wp-json\/wp\/v2\/product_brand?post=11969"},{"taxonomy":"product_cat","embeddable":true,"href":"https:\/\/nuestra-salud.com\/es\/wp-json\/wp\/v2\/product_cat?post=11969"},{"taxonomy":"product_tag","embeddable":true,"href":"https:\/\/nuestra-salud.com\/es\/wp-json\/wp\/v2\/product_tag?post=11969"},{"taxonomy":"product_benefit","embeddable":true,"href":"https:\/\/nuestra-salud.com\/es\/wp-json\/wp\/v2\/product_benefit?post=11969"},{"taxonomy":"product_line","embeddable":true,"href":"https:\/\/nuestra-salud.com\/es\/wp-json\/wp\/v2\/product_line?post=11969"}],"curies":[{"name":"wp","href":"https:\/\/api.w.org\/{rel}","templated":true}]}}