{"id":11964,"date":"2025-12-16T10:50:22","date_gmt":"2025-12-16T15:50:22","guid":{"rendered":"https:\/\/nuestra-salud.com\/products\/sin%20categor\u00eda\/romero\/"},"modified":"2025-12-16T10:50:22","modified_gmt":"2025-12-16T15:50:22","slug":"romero","status":"publish","type":"product","link":"https:\/\/nuestra-salud.com\/es\/productos\/silver-line\/romero\/","title":{"rendered":"Romero"},"content":{"rendered":"<p><span style=\"font-weight: 400;\">Romero es una hierba conocida por sus m\u00faltiples beneficios para la salud digestiva, nerviosa y del sistema inmune. Sus propiedades antioxidantes ayudan a mejorar la digesti\u00f3n y a reducir el estr\u00e9s, mientras que su uso regular puede favorecer la salud del cabello y la piel. Esta planta es un aliado vers\u00e1til en el bienestar diario.<\/span><\/p>\n<p>&nbsp;<\/p>\n<p><b>Beneficios:<\/b><\/p>\n<ul>\n<li style=\"font-weight: 400;\" aria-level=\"1\"><span style=\"font-weight: 400;\">Alivia dolores de cabeza y mejora la digesti\u00f3n.<\/span><\/li>\n<li style=\"font-weight: 400;\" aria-level=\"1\"><span style=\"font-weight: 400;\">Favorece la p\u00e9rdida de peso y combate la hinchaz\u00f3n.<\/span><\/li>\n<li style=\"font-weight: 400;\" aria-level=\"1\"><span style=\"font-weight: 400;\">Reduce el estr\u00e9s e irritabilidad.<\/span><\/li>\n<li style=\"font-weight: 400;\" aria-level=\"1\"><span style=\"font-weight: 400;\">Fortalece el cabello y mejora la salud de la piel.<\/span><\/li>\n<\/ul>\n<p>&nbsp;<\/p>\n<p><b>\u00bfPor qu\u00e9 elegir Romero?<\/b><b><br \/>\n<\/b><span style=\"font-weight: 400;\">Romero de Nuestra Salud ofrece una mezcla de propiedades que promueven el bienestar integral. Su f\u00e1cil incorporaci\u00f3n en la dieta diaria permite disfrutar de sus beneficios de manera sencilla y natural, haciendo de esta hierba un esencial en tu hogar.<\/span><\/p>\n","protected":false},"excerpt":{"rendered":"<p><span style=\"font-weight: 400;\">Romero es una hierba conocida por sus m\u00faltiples beneficios para la salud digestiva, nerviosa y del sistema inmune. Sus propiedades antioxidantes ayudan a mejorar la digesti\u00f3n y a reducir el estr\u00e9s, mientras que su uso regular puede favorecer la salud del cabello y la piel. Esta planta es un aliado vers\u00e1til en el bienestar diario.<\/span><\/p>\n","protected":false},"featured_media":12832,"template":"","meta":[],"product_brand":[],"product_cat":[719],"product_tag":[398,414,454,578,577],"product_benefit":[512],"product_line":[514],"class_list":{"0":"post-11964","1":"product","2":"type-product","3":"status-publish","4":"has-post-thumbnail","6":"product_cat-silver-line","7":"product_tag-antioxidante","8":"product_tag-digestion-es","9":"product_tag-estres","10":"product_tag-propiedades-beneficiosas","11":"product_tag-salud-del-cabello","12":"product_benefit-vitalidad","13":"product_line-linea-hierbas","15":"first","16":"instock","17":"shipping-taxable","18":"purchasable","19":"product-type-simple"},"_links":{"self":[{"href":"https:\/\/nuestra-salud.com\/es\/wp-json\/wp\/v2\/product\/11964","targetHints":{"allow":["GET"]}}],"collection":[{"href":"https:\/\/nuestra-salud.com\/es\/wp-json\/wp\/v2\/product"}],"about":[{"href":"https:\/\/nuestra-salud.com\/es\/wp-json\/wp\/v2\/types\/product"}],"wp:featuredmedia":[{"embeddable":true,"href":"https:\/\/nuestra-salud.com\/es\/wp-json\/wp\/v2\/media\/12832"}],"wp:attachment":[{"href":"https:\/\/nuestra-salud.com\/es\/wp-json\/wp\/v2\/media?parent=11964"}],"wp:term":[{"taxonomy":"product_brand","embeddable":true,"href":"https:\/\/nuestra-salud.com\/es\/wp-json\/wp\/v2\/product_brand?post=11964"},{"taxonomy":"product_cat","embeddable":true,"href":"https:\/\/nuestra-salud.com\/es\/wp-json\/wp\/v2\/product_cat?post=11964"},{"taxonomy":"product_tag","embeddable":true,"href":"https:\/\/nuestra-salud.com\/es\/wp-json\/wp\/v2\/product_tag?post=11964"},{"taxonomy":"product_benefit","embeddable":true,"href":"https:\/\/nuestra-salud.com\/es\/wp-json\/wp\/v2\/product_benefit?post=11964"},{"taxonomy":"product_line","embeddable":true,"href":"https:\/\/nuestra-salud.com\/es\/wp-json\/wp\/v2\/product_line?post=11964"}],"curies":[{"name":"wp","href":"https:\/\/api.w.org\/{rel}","templated":true}]}}