{"id":11959,"date":"2025-12-16T10:50:22","date_gmt":"2025-12-16T15:50:22","guid":{"rendered":"https:\/\/nuestra-salud.com\/products\/sin%20categor\u00eda\/rinosan-2\/"},"modified":"2025-12-16T10:50:22","modified_gmt":"2025-12-16T15:50:22","slug":"rinosan-2","status":"publish","type":"product","link":"https:\/\/nuestra-salud.com\/es\/productos\/filtrantes\/rinosan-2\/","title":{"rendered":"Ri\u00f1osan"},"content":{"rendered":"<p><span style=\"font-weight: 400;\">Ri\u00f1osan es una combinaci\u00f3n de hierbas que promueve la salud renal y del tracto urinario. Este producto est\u00e1 dise\u00f1ado para ayudar en la depuraci\u00f3n de los ri\u00f1ones y mejorar la funci\u00f3n diur\u00e9tica, favoreciendo as\u00ed la eliminaci\u00f3n de toxinas del organismo. <\/span><\/p>\n<p>&nbsp;<\/p>\n<p><b>Beneficios:<\/b><\/p>\n<ul>\n<li style=\"font-weight: 400;\" aria-level=\"1\"><span style=\"font-weight: 400;\">Ayuda a depurar los ri\u00f1ones.<\/span><\/li>\n<li style=\"font-weight: 400;\" aria-level=\"1\"><span style=\"font-weight: 400;\">Favorece la funci\u00f3n diur\u00e9tica.<\/span><\/li>\n<li style=\"font-weight: 400;\" aria-level=\"1\"><span style=\"font-weight: 400;\">Reduce la inflamaci\u00f3n en el tracto urinario.<\/span><\/li>\n<li style=\"font-weight: 400;\" aria-level=\"1\"><span style=\"font-weight: 400;\">Eficaz en la retenci\u00f3n de l\u00edquidos y trastornos renales.<\/span><\/li>\n<\/ul>\n<p>&nbsp;<\/p>\n<p><b>\u00bfPor qu\u00e9 elegir Ri\u00f1osan?<\/b><b><br \/>\n<\/b><span style=\"font-weight: 400;\">Ri\u00f1osan de Nuestra Salud es una opci\u00f3n confiable para quienes buscan mejorar su salud renal. Su mezcla de hierbas naturales est\u00e1 dise\u00f1ada para potenciar la funci\u00f3n de los ri\u00f1ones, ofreciendo un enfoque seguro y efectivo para el cuidado del sistema urinario. <\/span><\/p>\n","protected":false},"excerpt":{"rendered":"<p><span style=\"font-weight: 400;\">Ri\u00f1osan es una combinaci\u00f3n de hierbas que promueve la salud renal y del tracto urinario. Este producto est\u00e1 dise\u00f1ado para ayudar en la depuraci\u00f3n de los ri\u00f1ones y mejorar la funci\u00f3n diur\u00e9tica, favoreciendo as\u00ed la eliminaci\u00f3n de toxinas del organismo. <\/span><\/p>\n","protected":false},"featured_media":12828,"template":"","meta":[],"product_brand":[],"product_cat":[716],"product_tag":[505,442,576,471,468],"product_benefit":[512],"product_line":[],"class_list":{"0":"post-11959","1":"product","2":"type-product","3":"status-publish","4":"has-post-thumbnail","6":"product_cat-filtrantes","7":"product_tag-detoxificacion","8":"product_tag-diuretico","9":"product_tag-funcion-renal","10":"product_tag-retencion-de-liquidos","11":"product_tag-salud-renal","12":"product_benefit-vitalidad","14":"first","15":"instock","16":"shipping-taxable","17":"purchasable","18":"product-type-simple"},"_links":{"self":[{"href":"https:\/\/nuestra-salud.com\/es\/wp-json\/wp\/v2\/product\/11959","targetHints":{"allow":["GET"]}}],"collection":[{"href":"https:\/\/nuestra-salud.com\/es\/wp-json\/wp\/v2\/product"}],"about":[{"href":"https:\/\/nuestra-salud.com\/es\/wp-json\/wp\/v2\/types\/product"}],"wp:featuredmedia":[{"embeddable":true,"href":"https:\/\/nuestra-salud.com\/es\/wp-json\/wp\/v2\/media\/12828"}],"wp:attachment":[{"href":"https:\/\/nuestra-salud.com\/es\/wp-json\/wp\/v2\/media?parent=11959"}],"wp:term":[{"taxonomy":"product_brand","embeddable":true,"href":"https:\/\/nuestra-salud.com\/es\/wp-json\/wp\/v2\/product_brand?post=11959"},{"taxonomy":"product_cat","embeddable":true,"href":"https:\/\/nuestra-salud.com\/es\/wp-json\/wp\/v2\/product_cat?post=11959"},{"taxonomy":"product_tag","embeddable":true,"href":"https:\/\/nuestra-salud.com\/es\/wp-json\/wp\/v2\/product_tag?post=11959"},{"taxonomy":"product_benefit","embeddable":true,"href":"https:\/\/nuestra-salud.com\/es\/wp-json\/wp\/v2\/product_benefit?post=11959"},{"taxonomy":"product_line","embeddable":true,"href":"https:\/\/nuestra-salud.com\/es\/wp-json\/wp\/v2\/product_line?post=11959"}],"curies":[{"name":"wp","href":"https:\/\/api.w.org\/{rel}","templated":true}]}}