{"id":11951,"date":"2025-12-16T10:50:24","date_gmt":"2025-12-16T15:50:24","guid":{"rendered":"https:\/\/nuestra-salud.com\/products\/sin%20categor\u00eda\/ortiga-2\/"},"modified":"2025-12-16T10:50:24","modified_gmt":"2025-12-16T15:50:24","slug":"ortiga-2","status":"publish","type":"product","link":"https:\/\/nuestra-salud.com\/es\/productos\/hierbas\/ortiga-2\/","title":{"rendered":"Ortiga"},"content":{"rendered":"<p><span style=\"font-weight: 400;\">Ortiga es una planta rica en vitaminas y minerales. Perfecta para depurar el organismo y fortalecer el sistema inmunol\u00f3gico. Sus propiedades la hacen ideal para apoyar la salud renal, mejorar la circulaci\u00f3n y combatir la anemia, adem\u00e1s de ofrecer beneficios para el cabello y las u\u00f1as.<\/span><\/p>\n<p>&nbsp;<\/p>\n<p><b>Beneficios:<\/b><\/p>\n<ul>\n<li style=\"font-weight: 400;\" aria-level=\"1\"><span style=\"font-weight: 400;\">Depura la sangre y desintoxica el organismo.<\/span><\/li>\n<li style=\"font-weight: 400;\" aria-level=\"1\"><span style=\"font-weight: 400;\">Fortalece el cabello, las u\u00f1as y la piel.<\/span><\/li>\n<li style=\"font-weight: 400;\" aria-level=\"1\"><span style=\"font-weight: 400;\">Apoya la funci\u00f3n renal y previene c\u00e1lculos.<\/span><\/li>\n<li style=\"font-weight: 400;\" aria-level=\"1\"><span style=\"font-weight: 400;\">Regula los niveles de az\u00facar en sangre.<\/span><\/li>\n<\/ul>\n<p>&nbsp;<\/p>\n<p><b>\u00bfPor qu\u00e9 elegir Ortiga?<\/b><b><br \/>\n<\/b><span style=\"font-weight: 400;\">Ortiga de Nuestra Salud destaca por su alto contenido en hierro y minerales, siendo una excelente opci\u00f3n para personas con deficiencias nutricionales y quienes buscan un remedio natural para fortalecer su salud.<\/span><\/p>\n","protected":false},"excerpt":{"rendered":"<p><span style=\"font-weight: 400;\">Ortiga es una planta rica en vitaminas y minerales. Perfecta para depurar el organismo y fortalecer el sistema inmunol\u00f3gico. Sus propiedades la hacen ideal para apoyar la salud renal, mejorar la circulaci\u00f3n y combatir la anemia, adem\u00e1s de ofrecer beneficios para el cabello y las u\u00f1as.<\/span><\/p>\n","protected":false},"featured_media":12788,"template":"","meta":[],"product_brand":[],"product_cat":[721],"product_tag":[564,423,563,483,468],"product_benefit":[510],"product_line":[514],"class_list":{"0":"post-11951","1":"product","2":"type-product","3":"status-publish","4":"has-post-thumbnail","6":"product_cat-hierbas","7":"product_tag-anemia","8":"product_tag-detox-es","9":"product_tag-fortalecimiento","10":"product_tag-refuerzo-inmune","11":"product_tag-salud-renal","12":"product_benefit-inmunidad","13":"product_line-linea-hierbas","15":"first","16":"instock","17":"shipping-taxable","18":"purchasable","19":"product-type-simple"},"_links":{"self":[{"href":"https:\/\/nuestra-salud.com\/es\/wp-json\/wp\/v2\/product\/11951","targetHints":{"allow":["GET"]}}],"collection":[{"href":"https:\/\/nuestra-salud.com\/es\/wp-json\/wp\/v2\/product"}],"about":[{"href":"https:\/\/nuestra-salud.com\/es\/wp-json\/wp\/v2\/types\/product"}],"wp:featuredmedia":[{"embeddable":true,"href":"https:\/\/nuestra-salud.com\/es\/wp-json\/wp\/v2\/media\/12788"}],"wp:attachment":[{"href":"https:\/\/nuestra-salud.com\/es\/wp-json\/wp\/v2\/media?parent=11951"}],"wp:term":[{"taxonomy":"product_brand","embeddable":true,"href":"https:\/\/nuestra-salud.com\/es\/wp-json\/wp\/v2\/product_brand?post=11951"},{"taxonomy":"product_cat","embeddable":true,"href":"https:\/\/nuestra-salud.com\/es\/wp-json\/wp\/v2\/product_cat?post=11951"},{"taxonomy":"product_tag","embeddable":true,"href":"https:\/\/nuestra-salud.com\/es\/wp-json\/wp\/v2\/product_tag?post=11951"},{"taxonomy":"product_benefit","embeddable":true,"href":"https:\/\/nuestra-salud.com\/es\/wp-json\/wp\/v2\/product_benefit?post=11951"},{"taxonomy":"product_line","embeddable":true,"href":"https:\/\/nuestra-salud.com\/es\/wp-json\/wp\/v2\/product_line?post=11951"}],"curies":[{"name":"wp","href":"https:\/\/api.w.org\/{rel}","templated":true}]}}