{"id":11936,"date":"2025-12-16T10:52:41","date_gmt":"2025-12-16T15:52:41","guid":{"rendered":"https:\/\/nuestra-salud.com\/products\/sin%20categor\u00eda\/manzanilla\/"},"modified":"2025-12-16T10:52:41","modified_gmt":"2025-12-16T15:52:41","slug":"manzanilla","status":"publish","type":"product","link":"https:\/\/nuestra-salud.com\/es\/productos\/hierbas\/manzanilla\/","title":{"rendered":"Manzanilla"},"content":{"rendered":"<p><span style=\"font-weight: 400;\">Manzanilla es conocida por sus propiedades calmantes y digestivas. Ideal para aliviar el estr\u00e9s, mejorar la digesti\u00f3n y tratar problemas inflamatorios de la piel. Tambi\u00e9n se usa tradicionalmente para promover el bienestar emocional y mejorar el sue\u00f1o.<\/span><\/p>\n<p>&nbsp;<\/p>\n<p><b>Beneficios:<\/b><\/p>\n<ul>\n<li style=\"font-weight: 400;\" aria-level=\"1\"><span style=\"font-weight: 400;\">Alivia el estr\u00e9s y mejora la calidad del sue\u00f1o.<\/span><\/li>\n<li style=\"font-weight: 400;\" aria-level=\"1\"><span style=\"font-weight: 400;\">Facilita la digesti\u00f3n y alivia malestares estomacales.<\/span><\/li>\n<li style=\"font-weight: 400;\" aria-level=\"1\"><span style=\"font-weight: 400;\">Reduce la inflamaci\u00f3n en la piel y las mucosas.<\/span><\/li>\n<li style=\"font-weight: 400;\" aria-level=\"1\"><span style=\"font-weight: 400;\">Promueve el bienestar respiratorio al calmar irritaciones.<\/span><\/li>\n<\/ul>\n<p>&nbsp;<\/p>\n<p><b>\u00bfPor qu\u00e9 elegir Manzanilla?<\/b><b><br \/>\n<\/b><span style=\"font-weight: 400;\">Manzanilla de Nuestra Salud es 100% natural y cuidadosamente procesada para conservar todas sus propiedades. Es perfecta para quienes buscan un remedio natural para relajarse, mejorar la digesti\u00f3n y cuidar su piel de manera suave y efectiva.<\/span><\/p>\n","protected":false},"excerpt":{"rendered":"<p><span style=\"font-weight: 400;\">Manzanilla es conocida por sus propiedades calmantes y digestivas. Ideal para aliviar el estr\u00e9s, mejorar la digesti\u00f3n y tratar problemas inflamatorios de la piel. Tambi\u00e9n se usa tradicionalmente para promover el bienestar emocional y mejorar el sue\u00f1o.<\/span><\/p>\n","protected":false},"featured_media":12666,"template":"","meta":[],"product_brand":[],"product_cat":[721],"product_tag":[550,551,414,552,545],"product_benefit":[508,512],"product_line":[514],"class_list":{"0":"post-11936","1":"product","2":"type-product","3":"status-publish","4":"has-post-thumbnail","6":"product_cat-hierbas","7":"product_tag-bienestar-emocional-es","8":"product_tag-calmante-natural","9":"product_tag-digestion-es","10":"product_tag-mejora-del-sueno","11":"product_tag-propiedades-antiinflamatorias","12":"product_benefit-digestion-es","13":"product_benefit-vitalidad","14":"product_line-linea-hierbas","16":"first","17":"instock","18":"shipping-taxable","19":"purchasable","20":"product-type-simple"},"_links":{"self":[{"href":"https:\/\/nuestra-salud.com\/es\/wp-json\/wp\/v2\/product\/11936","targetHints":{"allow":["GET"]}}],"collection":[{"href":"https:\/\/nuestra-salud.com\/es\/wp-json\/wp\/v2\/product"}],"about":[{"href":"https:\/\/nuestra-salud.com\/es\/wp-json\/wp\/v2\/types\/product"}],"wp:featuredmedia":[{"embeddable":true,"href":"https:\/\/nuestra-salud.com\/es\/wp-json\/wp\/v2\/media\/12666"}],"wp:attachment":[{"href":"https:\/\/nuestra-salud.com\/es\/wp-json\/wp\/v2\/media?parent=11936"}],"wp:term":[{"taxonomy":"product_brand","embeddable":true,"href":"https:\/\/nuestra-salud.com\/es\/wp-json\/wp\/v2\/product_brand?post=11936"},{"taxonomy":"product_cat","embeddable":true,"href":"https:\/\/nuestra-salud.com\/es\/wp-json\/wp\/v2\/product_cat?post=11936"},{"taxonomy":"product_tag","embeddable":true,"href":"https:\/\/nuestra-salud.com\/es\/wp-json\/wp\/v2\/product_tag?post=11936"},{"taxonomy":"product_benefit","embeddable":true,"href":"https:\/\/nuestra-salud.com\/es\/wp-json\/wp\/v2\/product_benefit?post=11936"},{"taxonomy":"product_line","embeddable":true,"href":"https:\/\/nuestra-salud.com\/es\/wp-json\/wp\/v2\/product_line?post=11936"}],"curies":[{"name":"wp","href":"https:\/\/api.w.org\/{rel}","templated":true}]}}