{"id":11927,"date":"2025-12-16T10:50:25","date_gmt":"2025-12-16T15:50:25","guid":{"rendered":"https:\/\/nuestra-salud.com\/products\/sin%20categor\u00eda\/hojas-de-naranjo\/"},"modified":"2025-12-16T10:50:25","modified_gmt":"2025-12-16T15:50:25","slug":"hojas-de-naranjo","status":"publish","type":"product","link":"https:\/\/nuestra-salud.com\/es\/productos\/hierbas\/hojas-de-naranjo\/","title":{"rendered":"Hojas de Naranjo"},"content":{"rendered":"<p><span style=\"font-weight: 400;\">Las Hojas de Naranjo son conocidas por sus propiedades relajantes y antiespasm\u00f3dicas, ideales para aliviar el estr\u00e9s y mejorar la digesti\u00f3n. Son perfectas para quienes buscan un remedio natural para mejorar su salud emocional y digestiva. <\/span><\/p>\n<p>&nbsp;<\/p>\n<p><b>Beneficios:<\/b><\/p>\n<ul>\n<li style=\"font-weight: 400;\" aria-level=\"1\"><span style=\"font-weight: 400;\">Alivian el estr\u00e9s.<\/span><\/li>\n<li style=\"font-weight: 400;\" aria-level=\"1\"><span style=\"font-weight: 400;\">Mejora la digesti\u00f3n.<\/span><\/li>\n<li style=\"font-weight: 400;\" aria-level=\"1\"><span style=\"font-weight: 400;\">Refuerzan el sistema inmunol\u00f3gico.<\/span><\/li>\n<li style=\"font-weight: 400;\" aria-level=\"1\"><span style=\"font-weight: 400;\">Calman malestares respiratorios.<\/span><\/li>\n<\/ul>\n<p>&nbsp;<\/p>\n<p><b>\u00bfPor qu\u00e9 elegir Hojas de Naranjo?<\/b><b><br \/>\n<\/b><span style=\"font-weight: 400;\">Las Hojas de Naranjo de Nuestra Salud son perfectas para quienes necesitan un remedio natural contra el estr\u00e9s y los problemas digestivos. Su combinaci\u00f3n de propiedades relajantes y digestivas mejora el bienestar emocional y f\u00edsico. <\/span><\/p>\n","protected":false},"excerpt":{"rendered":"<p><span style=\"font-weight: 400;\">Las Hojas de Naranjo son conocidas por sus propiedades relajantes y antiespasm\u00f3dicas, ideales para aliviar el estr\u00e9s y mejorar la digesti\u00f3n. Son perfectas para quienes buscan un remedio natural para mejorar su salud emocional y digestiva. <\/span><\/p>\n","protected":false},"featured_media":12739,"template":"","meta":[],"product_brand":[],"product_cat":[721],"product_tag":[538,541,540,539,537],"product_benefit":[510,512],"product_line":[514],"class_list":{"0":"post-11927","1":"product","2":"type-product","3":"status-publish","4":"has-post-thumbnail","6":"product_cat-hierbas","7":"product_tag-alivio-del-estres","8":"product_tag-calma-respiratoria","9":"product_tag-fortalecimiento-inmunologico","10":"product_tag-mejora-digestiva","11":"product_tag-relajacion","12":"product_benefit-inmunidad","13":"product_benefit-vitalidad","14":"product_line-linea-hierbas","16":"first","17":"instock","18":"shipping-taxable","19":"purchasable","20":"product-type-simple"},"_links":{"self":[{"href":"https:\/\/nuestra-salud.com\/es\/wp-json\/wp\/v2\/product\/11927","targetHints":{"allow":["GET"]}}],"collection":[{"href":"https:\/\/nuestra-salud.com\/es\/wp-json\/wp\/v2\/product"}],"about":[{"href":"https:\/\/nuestra-salud.com\/es\/wp-json\/wp\/v2\/types\/product"}],"wp:featuredmedia":[{"embeddable":true,"href":"https:\/\/nuestra-salud.com\/es\/wp-json\/wp\/v2\/media\/12739"}],"wp:attachment":[{"href":"https:\/\/nuestra-salud.com\/es\/wp-json\/wp\/v2\/media?parent=11927"}],"wp:term":[{"taxonomy":"product_brand","embeddable":true,"href":"https:\/\/nuestra-salud.com\/es\/wp-json\/wp\/v2\/product_brand?post=11927"},{"taxonomy":"product_cat","embeddable":true,"href":"https:\/\/nuestra-salud.com\/es\/wp-json\/wp\/v2\/product_cat?post=11927"},{"taxonomy":"product_tag","embeddable":true,"href":"https:\/\/nuestra-salud.com\/es\/wp-json\/wp\/v2\/product_tag?post=11927"},{"taxonomy":"product_benefit","embeddable":true,"href":"https:\/\/nuestra-salud.com\/es\/wp-json\/wp\/v2\/product_benefit?post=11927"},{"taxonomy":"product_line","embeddable":true,"href":"https:\/\/nuestra-salud.com\/es\/wp-json\/wp\/v2\/product_line?post=11927"}],"curies":[{"name":"wp","href":"https:\/\/api.w.org\/{rel}","templated":true}]}}