{"id":11926,"date":"2025-12-16T10:52:40","date_gmt":"2025-12-16T15:52:40","guid":{"rendered":"https:\/\/nuestra-salud.com\/products\/sin%20categor\u00eda\/hojas-de-moringa\/"},"modified":"2025-12-16T10:52:40","modified_gmt":"2025-12-16T15:52:40","slug":"hojas-de-moringa","status":"publish","type":"product","link":"https:\/\/nuestra-salud.com\/es\/productos\/silver-line\/hojas-de-moringa\/","title":{"rendered":"Hojas de Moringa"},"content":{"rendered":"<p><span style=\"font-weight: 400;\">Las Hojas de Moringa son reconocidas por su extraordinario valor nutricional y sus m\u00faltiples beneficios para la salud. Consideradas un superalimento, son ricas en vitaminas, minerales y antioxidantes. Incorporar las hojas de moringa a tu dieta es una excelente manera de potenciar tu energ\u00eda de forma natural.  <\/span><\/p>\n<p>&nbsp;<\/p>\n<p><b>Beneficios:<\/b><\/p>\n<ul>\n<li style=\"font-weight: 400;\" aria-level=\"1\"><span style=\"font-weight: 400;\">Fortalecen el sistema inmunol\u00f3gico, ayudando a prevenir enfermedades y mantener el bienestar.<\/span><\/li>\n<li style=\"font-weight: 400;\" aria-level=\"1\"><span style=\"font-weight: 400;\">Ayudan a reducir la inflamaci\u00f3n, aliviando condiciones como artritis y dolor muscular.<\/span><\/li>\n<li style=\"font-weight: 400;\" aria-level=\"1\"><span style=\"font-weight: 400;\">Mejoran la digesti\u00f3n y promueven la salud intestinal.<\/span><\/li>\n<li style=\"font-weight: 400;\" aria-level=\"1\"><span style=\"font-weight: 400;\">Contribuyen a regular los niveles de az\u00facar en sangre, lo que beneficia a quienes padecen diabetes.<\/span><\/li>\n<\/ul>\n<p>&nbsp;<\/p>\n<p><b>\u00bfPor qu\u00e9 elegir Hojas de Moringa?<\/b><b><br \/>\n<\/b><span style=\"font-weight: 400;\">Las Hojas de Moringa de Nuestra Salud son la opci\u00f3n ideal para aquellos que desean incorporar un suplemento natural a su vida. Su uso regular te permitir\u00e1 disfrutar de sus numerosos beneficios y contribuir a un estilo de vida m\u00e1s saludable. <\/span><\/p>\n","protected":false},"excerpt":{"rendered":"<p><span style=\"font-weight: 400;\">Las Hojas de Moringa son reconocidas por su extraordinario valor nutricional y sus m\u00faltiples beneficios para la salud. Consideradas un superalimento, son ricas en vitaminas, minerales y antioxidantes. Incorporar las hojas de moringa a tu dieta es una excelente manera de potenciar tu energ\u00eda de forma natural.  <\/span><\/p>\n","protected":false},"featured_media":12686,"template":"","meta":[],"product_brand":[],"product_cat":[719],"product_tag":[625,623,624,411,557],"product_benefit":[511,510],"product_line":[],"class_list":{"0":"post-11926","1":"product","2":"type-product","3":"status-publish","4":"has-post-thumbnail","6":"product_cat-silver-line","7":"product_tag-energia-natural","8":"product_tag-fortalecer-inmunidad","9":"product_tag-reducir-inflamacion","10":"product_tag-salud-digestiva","11":"product_tag-superalimento","12":"product_benefit-control-de-peso","13":"product_benefit-inmunidad","15":"first","16":"instock","17":"shipping-taxable","18":"purchasable","19":"product-type-simple"},"_links":{"self":[{"href":"https:\/\/nuestra-salud.com\/es\/wp-json\/wp\/v2\/product\/11926","targetHints":{"allow":["GET"]}}],"collection":[{"href":"https:\/\/nuestra-salud.com\/es\/wp-json\/wp\/v2\/product"}],"about":[{"href":"https:\/\/nuestra-salud.com\/es\/wp-json\/wp\/v2\/types\/product"}],"wp:featuredmedia":[{"embeddable":true,"href":"https:\/\/nuestra-salud.com\/es\/wp-json\/wp\/v2\/media\/12686"}],"wp:attachment":[{"href":"https:\/\/nuestra-salud.com\/es\/wp-json\/wp\/v2\/media?parent=11926"}],"wp:term":[{"taxonomy":"product_brand","embeddable":true,"href":"https:\/\/nuestra-salud.com\/es\/wp-json\/wp\/v2\/product_brand?post=11926"},{"taxonomy":"product_cat","embeddable":true,"href":"https:\/\/nuestra-salud.com\/es\/wp-json\/wp\/v2\/product_cat?post=11926"},{"taxonomy":"product_tag","embeddable":true,"href":"https:\/\/nuestra-salud.com\/es\/wp-json\/wp\/v2\/product_tag?post=11926"},{"taxonomy":"product_benefit","embeddable":true,"href":"https:\/\/nuestra-salud.com\/es\/wp-json\/wp\/v2\/product_benefit?post=11926"},{"taxonomy":"product_line","embeddable":true,"href":"https:\/\/nuestra-salud.com\/es\/wp-json\/wp\/v2\/product_line?post=11926"}],"curies":[{"name":"wp","href":"https:\/\/api.w.org\/{rel}","templated":true}]}}