{"id":11920,"date":"2025-12-16T10:52:43","date_gmt":"2025-12-16T15:52:43","guid":{"rendered":"https:\/\/nuestra-salud.com\/products\/sin%20categor\u00eda\/hojas-de-aguacate\/"},"modified":"2025-12-16T10:52:44","modified_gmt":"2025-12-16T15:52:44","slug":"hojas-de-aguacate","status":"publish","type":"product","link":"https:\/\/nuestra-salud.com\/es\/productos\/hierbas\/hojas-de-aguacate\/","title":{"rendered":"Hojas de Aguacate"},"content":{"rendered":"<p><span style=\"font-weight: 400;\">Las Hojas de Aguacate son una soluci\u00f3n natural para mejorar la digesti\u00f3n, combatir infecciones urinarias y aliviar s\u00edntomas respiratorios. Perfectas para quienes buscan apoyo natural en el tratamiento de malestares digestivos, respiratorios y menstruales. <\/span><\/p>\n<p>&nbsp;<\/p>\n<p><b>Beneficios:<\/b><\/p>\n<ul>\n<li style=\"font-weight: 400;\" aria-level=\"1\"><span style=\"font-weight: 400;\">Alivia problemas digestivos.<\/span><\/li>\n<li style=\"font-weight: 400;\" aria-level=\"1\"><span style=\"font-weight: 400;\">Mejora la salud respiratoria.<\/span><\/li>\n<li style=\"font-weight: 400;\" aria-level=\"1\"><span style=\"font-weight: 400;\">Regula el ciclo menstrual.<\/span><\/li>\n<li style=\"font-weight: 400;\" aria-level=\"1\"><span style=\"font-weight: 400;\">Apoya la salud urinaria.<\/span><\/li>\n<\/ul>\n<p>&nbsp;<\/p>\n<p><b>\u00bfPor qu\u00e9 elegir Hojas de Aguacate?<\/b><b><br \/>\n<\/b><span style=\"font-weight: 400;\">Las Hojas de Aguacate de Nuestra Salud son una excelente opci\u00f3n para quienes buscan mejorar su digesti\u00f3n, salud respiratoria y regular el ciclo menstrual. Sus propiedades terap\u00e9uticas hacen de este producto un aliado natural para el bienestar integral. <\/span><\/p>\n","protected":false},"excerpt":{"rendered":"<p><span style=\"font-weight: 400;\">Las Hojas de Aguacate son una soluci\u00f3n natural para mejorar la digesti\u00f3n, combatir infecciones urinarias y aliviar s\u00edntomas respiratorios. Perfectas para quienes buscan apoyo natural en el tratamiento de malestares digestivos, respiratorios y menstruales. <\/span><\/p>\n","protected":false},"featured_media":12604,"template":"","meta":[],"product_brand":[],"product_cat":[721],"product_tag":[535,533,536,534,411],"product_benefit":[512],"product_line":[514],"class_list":{"0":"post-11920","1":"product","2":"type-product","3":"status-publish","4":"has-post-thumbnail","6":"product_cat-hierbas","7":"product_tag-alivio-de-infecciones-urinarias","8":"product_tag-apoyo-respiratorio","9":"product_tag-bienestar-integral","10":"product_tag-regulacion-menstrual","11":"product_tag-salud-digestiva","12":"product_benefit-vitalidad","13":"product_line-linea-hierbas","15":"first","16":"instock","17":"shipping-taxable","18":"purchasable","19":"product-type-simple"},"_links":{"self":[{"href":"https:\/\/nuestra-salud.com\/es\/wp-json\/wp\/v2\/product\/11920","targetHints":{"allow":["GET"]}}],"collection":[{"href":"https:\/\/nuestra-salud.com\/es\/wp-json\/wp\/v2\/product"}],"about":[{"href":"https:\/\/nuestra-salud.com\/es\/wp-json\/wp\/v2\/types\/product"}],"wp:featuredmedia":[{"embeddable":true,"href":"https:\/\/nuestra-salud.com\/es\/wp-json\/wp\/v2\/media\/12604"}],"wp:attachment":[{"href":"https:\/\/nuestra-salud.com\/es\/wp-json\/wp\/v2\/media?parent=11920"}],"wp:term":[{"taxonomy":"product_brand","embeddable":true,"href":"https:\/\/nuestra-salud.com\/es\/wp-json\/wp\/v2\/product_brand?post=11920"},{"taxonomy":"product_cat","embeddable":true,"href":"https:\/\/nuestra-salud.com\/es\/wp-json\/wp\/v2\/product_cat?post=11920"},{"taxonomy":"product_tag","embeddable":true,"href":"https:\/\/nuestra-salud.com\/es\/wp-json\/wp\/v2\/product_tag?post=11920"},{"taxonomy":"product_benefit","embeddable":true,"href":"https:\/\/nuestra-salud.com\/es\/wp-json\/wp\/v2\/product_benefit?post=11920"},{"taxonomy":"product_line","embeddable":true,"href":"https:\/\/nuestra-salud.com\/es\/wp-json\/wp\/v2\/product_line?post=11920"}],"curies":[{"name":"wp","href":"https:\/\/api.w.org\/{rel}","templated":true}]}}