{"id":11917,"date":"2025-12-16T10:52:44","date_gmt":"2025-12-16T15:52:44","guid":{"rendered":"https:\/\/nuestra-salud.com\/products\/sin%20categor\u00eda\/higasan\/"},"modified":"2026-01-28T17:11:36","modified_gmt":"2026-01-28T22:11:36","slug":"higasan","status":"publish","type":"product","link":"https:\/\/nuestra-salud.com\/es\/productos\/hierbas\/higasan\/","title":{"rendered":"Higasan"},"content":{"rendered":"<p><span style=\"font-weight: 400;\">Higasan es una mezcla de hierbas formulada para mejorar la salud hep\u00e1tica y de la ves\u00edcula biliar. Ideal para quienes buscan detoxificar el h\u00edgado, mejorar la digesti\u00f3n de grasas y apoyar el sistema urinario. Su f\u00f3rmula trabaja de manera natural para mantener un sistema digestivo saludable.  <\/span><\/p>\n<p>&nbsp;<\/p>\n<p><b>Beneficios:<\/b><\/p>\n<ul>\n<li style=\"font-weight: 400;\" aria-level=\"1\"><span style=\"font-weight: 400;\">Desintoxica el h\u00edgado.<\/span><\/li>\n<li style=\"font-weight: 400;\" aria-level=\"1\"><span style=\"font-weight: 400;\">Mejora la salud de la ves\u00edcula biliar.<\/span><\/li>\n<li style=\"font-weight: 400;\" aria-level=\"1\"><span style=\"font-weight: 400;\">Apoya la salud digestiva.<\/span><\/li>\n<li style=\"font-weight: 400;\" aria-level=\"1\"><span style=\"font-weight: 400;\">Facilita la digesti\u00f3n de grasas.<\/span><\/li>\n<\/ul>\n<p>&nbsp;<\/p>\n<p><b>\u00bfPor qu\u00e9 elegir Higasan?<\/b><b><br \/>\n<\/b><span style=\"font-weight: 400;\">Higasan de Nuestra Salud es la opci\u00f3n ideal para quienes buscan mejorar su salud hep\u00e1tica y vesicular. Su f\u00f3rmula natural ayuda a detoxificar el cuerpo y mejorar la digesti\u00f3n, promoviendo un bienestar digestivo completo. <\/span><\/p>\n","protected":false},"excerpt":{"rendered":"<p><span style=\"font-weight: 400;\">Higasan es una mezcla de hierbas formulada para mejorar la salud hep\u00e1tica y de la ves\u00edcula biliar. Ideal para quienes buscan detoxificar el h\u00edgado, mejorar la digesti\u00f3n de grasas y apoyar el sistema urinario. Su f\u00f3rmula trabaja de manera natural para mantener un sistema digestivo saludable.  <\/span><\/p>\n","protected":false},"featured_media":12600,"template":"","meta":[],"product_brand":[],"product_cat":[721],"product_tag":[527,517,526,524,525],"product_benefit":[508,512],"product_line":[514],"class_list":{"0":"post-11917","1":"product","2":"type-product","3":"status-publish","4":"has-post-thumbnail","6":"product_cat-hierbas","7":"product_tag-apoyo-urinario","8":"product_tag-bienestar-digestivo","9":"product_tag-detoxificacion-hepatica","10":"product_tag-digestion-de-grasas","11":"product_tag-salud-de-la-vesicula","12":"product_benefit-digestion-es","13":"product_benefit-vitalidad","14":"product_line-linea-hierbas","16":"first","17":"outofstock","18":"shipping-taxable","19":"purchasable","20":"product-type-simple"},"_links":{"self":[{"href":"https:\/\/nuestra-salud.com\/es\/wp-json\/wp\/v2\/product\/11917","targetHints":{"allow":["GET"]}}],"collection":[{"href":"https:\/\/nuestra-salud.com\/es\/wp-json\/wp\/v2\/product"}],"about":[{"href":"https:\/\/nuestra-salud.com\/es\/wp-json\/wp\/v2\/types\/product"}],"wp:featuredmedia":[{"embeddable":true,"href":"https:\/\/nuestra-salud.com\/es\/wp-json\/wp\/v2\/media\/12600"}],"wp:attachment":[{"href":"https:\/\/nuestra-salud.com\/es\/wp-json\/wp\/v2\/media?parent=11917"}],"wp:term":[{"taxonomy":"product_brand","embeddable":true,"href":"https:\/\/nuestra-salud.com\/es\/wp-json\/wp\/v2\/product_brand?post=11917"},{"taxonomy":"product_cat","embeddable":true,"href":"https:\/\/nuestra-salud.com\/es\/wp-json\/wp\/v2\/product_cat?post=11917"},{"taxonomy":"product_tag","embeddable":true,"href":"https:\/\/nuestra-salud.com\/es\/wp-json\/wp\/v2\/product_tag?post=11917"},{"taxonomy":"product_benefit","embeddable":true,"href":"https:\/\/nuestra-salud.com\/es\/wp-json\/wp\/v2\/product_benefit?post=11917"},{"taxonomy":"product_line","embeddable":true,"href":"https:\/\/nuestra-salud.com\/es\/wp-json\/wp\/v2\/product_line?post=11917"}],"curies":[{"name":"wp","href":"https:\/\/api.w.org\/{rel}","templated":true}]}}