{"id":11912,"date":"2025-12-16T10:52:45","date_gmt":"2025-12-16T15:52:45","guid":{"rendered":"https:\/\/nuestra-salud.com\/products\/sin%20categor\u00eda\/harina-de-lucuma\/"},"modified":"2025-12-16T10:52:45","modified_gmt":"2025-12-16T15:52:45","slug":"harina-de-lucuma","status":"publish","type":"product","link":"https:\/\/nuestra-salud.com\/es\/productos\/superfoods\/harina-de-lucuma\/","title":{"rendered":"Harina de L\u00facuma"},"content":{"rendered":"<p><span style=\"font-weight: 400;\">La Harina de L\u00facuma es un superalimento natural, lleno de sabor y nutrientes. Ideal para endulzar tus recetas de forma saludable, es perfecta para quienes buscan un toque dulce sin az\u00facares refinados.<\/span><\/p>\n<p>&nbsp;<\/p>\n<p><b>Beneficios:<\/b><\/p>\n<ul>\n<li style=\"font-weight: 400;\" aria-level=\"1\"><span style=\"font-weight: 400;\">Aporta antioxidantes que ayudan a combatir el da\u00f1o celular.<\/span><\/li>\n<li style=\"font-weight: 400;\" aria-level=\"1\"><span style=\"font-weight: 400;\">Rico en vitaminas y minerales esenciales para tu salud.<\/span><\/li>\n<li style=\"font-weight: 400;\" aria-level=\"1\"><span style=\"font-weight: 400;\">Ayuda a regular el az\u00facar en sangre.<\/span><\/li>\n<li style=\"font-weight: 400;\" aria-level=\"1\"><span style=\"font-weight: 400;\">Favorece la salud digestiva gracias a su contenido de fibra.<\/span><\/li>\n<\/ul>\n<p>&nbsp;<\/p>\n<p><b>\u00bfPor qu\u00e9 elegir Harina de Lucuma?<\/b><b><br \/>\n<\/b><span style=\"font-weight: 400;\">La Harina de L\u00facuma de Nuestra Salud es una alternativa deliciosa y nutritiva para quienes desean a\u00f1adir un sabor ex\u00f3tico y beneficios saludables a su alimentaci\u00f3n. Perfecta para batidos, postres o como ingrediente en tus comidas, \u00a1descubre c\u00f3mo puede mejorar tu bienestar y enriquecer tu dieta!<\/span><\/p>\n","protected":false},"excerpt":{"rendered":"<p><span style=\"font-weight: 400;\">La Harina de L\u00facuma es un superalimento natural, lleno de sabor y nutrientes. Ideal para endulzar tus recetas de forma saludable, es perfecta para quienes buscan un toque dulce sin az\u00facares refinados.<\/span><\/p>\n","protected":false},"featured_media":12570,"template":"","meta":[],"product_brand":[],"product_cat":[727],"product_tag":[408,644,489,645,411],"product_benefit":[510,512],"product_line":[516],"class_list":{"0":"post-11912","1":"product","2":"type-product","3":"status-publish","4":"has-post-thumbnail","6":"product_cat-superfoods","7":"product_tag-antioxidantes","8":"product_tag-beneficios-nutricionales","9":"product_tag-edulcorante-natural","10":"product_tag-sabor-dulce","11":"product_tag-salud-digestiva","12":"product_benefit-inmunidad","13":"product_benefit-vitalidad","14":"product_line-linea-super-foods","16":"first","17":"outofstock","18":"shipping-taxable","19":"purchasable","20":"product-type-simple"},"_links":{"self":[{"href":"https:\/\/nuestra-salud.com\/es\/wp-json\/wp\/v2\/product\/11912","targetHints":{"allow":["GET"]}}],"collection":[{"href":"https:\/\/nuestra-salud.com\/es\/wp-json\/wp\/v2\/product"}],"about":[{"href":"https:\/\/nuestra-salud.com\/es\/wp-json\/wp\/v2\/types\/product"}],"wp:featuredmedia":[{"embeddable":true,"href":"https:\/\/nuestra-salud.com\/es\/wp-json\/wp\/v2\/media\/12570"}],"wp:attachment":[{"href":"https:\/\/nuestra-salud.com\/es\/wp-json\/wp\/v2\/media?parent=11912"}],"wp:term":[{"taxonomy":"product_brand","embeddable":true,"href":"https:\/\/nuestra-salud.com\/es\/wp-json\/wp\/v2\/product_brand?post=11912"},{"taxonomy":"product_cat","embeddable":true,"href":"https:\/\/nuestra-salud.com\/es\/wp-json\/wp\/v2\/product_cat?post=11912"},{"taxonomy":"product_tag","embeddable":true,"href":"https:\/\/nuestra-salud.com\/es\/wp-json\/wp\/v2\/product_tag?post=11912"},{"taxonomy":"product_benefit","embeddable":true,"href":"https:\/\/nuestra-salud.com\/es\/wp-json\/wp\/v2\/product_benefit?post=11912"},{"taxonomy":"product_line","embeddable":true,"href":"https:\/\/nuestra-salud.com\/es\/wp-json\/wp\/v2\/product_line?post=11912"}],"curies":[{"name":"wp","href":"https:\/\/api.w.org\/{rel}","templated":true}]}}