{"id":11909,"date":"2025-01-02T15:58:11","date_gmt":"2025-01-02T20:58:11","guid":{"rendered":"https:\/\/nuestra-salud.com\/products\/sin%20categor\u00eda\/borraja\/"},"modified":"2026-01-28T17:09:05","modified_gmt":"2026-01-28T22:09:05","slug":"borraja","status":"publish","type":"product","link":"https:\/\/nuestra-salud.com\/es\/productos\/hierbas\/borraja\/","title":{"rendered":"Borraja"},"content":{"rendered":"<p><span style=\"font-weight: 400;\">Borraja es una hierba conocida por regular la circulaci\u00f3n y actuar como diur\u00e9tico suave. Con propiedades reconstituyentes para la piel, es ideal para quienes buscan bienestar emocional y f\u00edsico. \u00a1Descubre sus efectos beneficiosos en tu salud!<\/span><\/p>\n<p>&nbsp;<\/p>\n<p><b>Beneficios:<\/b><\/p>\n<ul>\n<li style=\"font-weight: 400;\" aria-level=\"1\"><span style=\"font-weight: 400;\">Promueve un equilibrio emocional.<\/span><\/li>\n<li style=\"font-weight: 400;\" aria-level=\"1\"><span style=\"font-weight: 400;\">Mejora la salud de la piel y mucosas.<\/span><\/li>\n<li style=\"font-weight: 400;\" aria-level=\"1\"><span style=\"font-weight: 400;\">Combate la sequedad cut\u00e1nea.<\/span><\/li>\n<li style=\"font-weight: 400;\" aria-level=\"1\"><span style=\"font-weight: 400;\">Efectos reconstituyentes en afecciones d\u00e9rmicas.<\/span><\/li>\n<\/ul>\n<p>&nbsp;<\/p>\n<p><b>\u00bfPor qu\u00e9 elegir Borraja?<\/b><b><br \/>\n<\/b><span style=\"font-weight: 400;\">Borraja de Nuestra Salud es perfecta para quienes desean mejorar su salud cut\u00e1nea y emocional de forma natural. Con su uso, lograr\u00e1s un bienestar integral que resalta tu belleza. \u00a1Prueba sus maravillas!<\/span><\/p>\n","protected":false},"excerpt":{"rendered":"<p><span style=\"font-weight: 400;\">Borraja es una hierba conocida por regular la circulaci\u00f3n y actuar como diur\u00e9tico suave. Con propiedades reconstituyentes para la piel, es ideal para quienes buscan bienestar emocional y f\u00edsico. \u00a1Descubre sus efectos beneficiosos en tu salud!<\/span><\/p>\n","protected":false},"featured_media":10852,"template":"","meta":[],"product_brand":[],"product_cat":[721],"product_tag":[444,446,442,447,445,443],"product_benefit":[512],"product_line":[514],"class_list":{"0":"post-11909","1":"product","2":"type-product","3":"status-publish","4":"has-post-thumbnail","6":"product_cat-hierbas","7":"product_tag-bienestar-emocional","8":"product_tag-circulacion","9":"product_tag-diuretico","10":"product_tag-hidratacion-cutanea","11":"product_tag-reconstituyente","12":"product_tag-salud-de-la-piel","13":"product_benefit-vitalidad","14":"product_line-linea-hierbas","16":"first","17":"instock","18":"shipping-taxable","19":"product-type-variable"},"_links":{"self":[{"href":"https:\/\/nuestra-salud.com\/es\/wp-json\/wp\/v2\/product\/11909","targetHints":{"allow":["GET"]}}],"collection":[{"href":"https:\/\/nuestra-salud.com\/es\/wp-json\/wp\/v2\/product"}],"about":[{"href":"https:\/\/nuestra-salud.com\/es\/wp-json\/wp\/v2\/types\/product"}],"wp:featuredmedia":[{"embeddable":true,"href":"https:\/\/nuestra-salud.com\/es\/wp-json\/wp\/v2\/media\/10852"}],"wp:attachment":[{"href":"https:\/\/nuestra-salud.com\/es\/wp-json\/wp\/v2\/media?parent=11909"}],"wp:term":[{"taxonomy":"product_brand","embeddable":true,"href":"https:\/\/nuestra-salud.com\/es\/wp-json\/wp\/v2\/product_brand?post=11909"},{"taxonomy":"product_cat","embeddable":true,"href":"https:\/\/nuestra-salud.com\/es\/wp-json\/wp\/v2\/product_cat?post=11909"},{"taxonomy":"product_tag","embeddable":true,"href":"https:\/\/nuestra-salud.com\/es\/wp-json\/wp\/v2\/product_tag?post=11909"},{"taxonomy":"product_benefit","embeddable":true,"href":"https:\/\/nuestra-salud.com\/es\/wp-json\/wp\/v2\/product_benefit?post=11909"},{"taxonomy":"product_line","embeddable":true,"href":"https:\/\/nuestra-salud.com\/es\/wp-json\/wp\/v2\/product_line?post=11909"}],"curies":[{"name":"wp","href":"https:\/\/api.w.org\/{rel}","templated":true}]}}