{"id":11900,"date":"2025-12-16T10:52:47","date_gmt":"2025-12-16T15:52:47","guid":{"rendered":"https:\/\/nuestra-salud.com\/products\/sin%20categor\u00eda\/dulce-suenos\/"},"modified":"2025-12-16T10:52:47","modified_gmt":"2025-12-16T15:52:47","slug":"dulce-suenos","status":"publish","type":"product","link":"https:\/\/nuestra-salud.com\/es\/productos\/filtrantes\/dulce-suenos\/","title":{"rendered":"Dulce Sue\u00f1os"},"content":{"rendered":"<p><span style=\"font-weight: 400;\">Dulce Sue\u00f1os es una mezcla herbal que ayuda a conciliar el sue\u00f1o de manera natural, proporcionando un descanso tranquilo. Con propiedades calmantes, es ideal para quienes buscan relajarse y recuperar la energ\u00eda durante la noche. Perfecto para quienes desean un sue\u00f1o profundo sin recurrir a productos qu\u00edmicos.  <\/span><\/p>\n<p>&nbsp;<\/p>\n<p><b>Beneficios:<\/b><\/p>\n<ul>\n<li style=\"font-weight: 400;\" aria-level=\"1\"><span style=\"font-weight: 400;\">Ayuda a conciliar el sue\u00f1o de forma natural.<\/span><\/li>\n<li style=\"font-weight: 400;\" aria-level=\"1\"><span style=\"font-weight: 400;\">Reduce el insomnio ocasional y la inquietud.<\/span><\/li>\n<li style=\"font-weight: 400;\" aria-level=\"1\"><span style=\"font-weight: 400;\">Alivia tensiones acumuladas durante el d\u00eda.<\/span><\/li>\n<li style=\"font-weight: 400;\" aria-level=\"1\"><span style=\"font-weight: 400;\">Promueve una sensaci\u00f3n de relajaci\u00f3n y calma.<\/span><\/li>\n<\/ul>\n<p>&nbsp;<\/p>\n<p><b>\u00bfPor qu\u00e9 elegir Dulce Sue\u00f1os?<\/b><\/p>\n<p><span style=\"font-weight: 400;\">Dulce Sue\u00f1os de Nuestra Salud es una alternativa natural para mejorar la calidad del descanso, ideal para quienes buscan desconectarse y relajarse sin efectos secundarios. Su suave acci\u00f3n te permitir\u00e1 despertar renovado y con m\u00e1s energ\u00eda para afrontar el d\u00eda. <\/span><\/p>\n","protected":false},"excerpt":{"rendered":"<p><span style=\"font-weight: 400;\">Dulce Sue\u00f1os es una mezcla herbal que ayuda a conciliar el sue\u00f1o de manera natural, proporcionando un descanso tranquilo. Con propiedades calmantes, es ideal para quienes buscan relajarse y recuperar la energ\u00eda durante la noche. Perfecto para quienes desean un sue\u00f1o profundo sin recurrir a productos qu\u00edmicos.  <\/span><\/p>\n","protected":false},"featured_media":12509,"template":"","meta":[],"product_brand":[],"product_cat":[716],"product_tag":[590,413,562,537,522],"product_benefit":[509,512],"product_line":[],"class_list":{"0":"post-11900","1":"product","2":"type-product","3":"status-publish","4":"has-post-thumbnail","6":"product_cat-filtrantes","7":"product_tag-bienestar-es","8":"product_tag-energia","9":"product_tag-insomnio","10":"product_tag-relajacion","11":"product_tag-sueno","12":"product_benefit-energia","13":"product_benefit-vitalidad","15":"first","16":"instock","17":"shipping-taxable","18":"purchasable","19":"product-type-simple"},"_links":{"self":[{"href":"https:\/\/nuestra-salud.com\/es\/wp-json\/wp\/v2\/product\/11900","targetHints":{"allow":["GET"]}}],"collection":[{"href":"https:\/\/nuestra-salud.com\/es\/wp-json\/wp\/v2\/product"}],"about":[{"href":"https:\/\/nuestra-salud.com\/es\/wp-json\/wp\/v2\/types\/product"}],"wp:featuredmedia":[{"embeddable":true,"href":"https:\/\/nuestra-salud.com\/es\/wp-json\/wp\/v2\/media\/12509"}],"wp:attachment":[{"href":"https:\/\/nuestra-salud.com\/es\/wp-json\/wp\/v2\/media?parent=11900"}],"wp:term":[{"taxonomy":"product_brand","embeddable":true,"href":"https:\/\/nuestra-salud.com\/es\/wp-json\/wp\/v2\/product_brand?post=11900"},{"taxonomy":"product_cat","embeddable":true,"href":"https:\/\/nuestra-salud.com\/es\/wp-json\/wp\/v2\/product_cat?post=11900"},{"taxonomy":"product_tag","embeddable":true,"href":"https:\/\/nuestra-salud.com\/es\/wp-json\/wp\/v2\/product_tag?post=11900"},{"taxonomy":"product_benefit","embeddable":true,"href":"https:\/\/nuestra-salud.com\/es\/wp-json\/wp\/v2\/product_benefit?post=11900"},{"taxonomy":"product_line","embeddable":true,"href":"https:\/\/nuestra-salud.com\/es\/wp-json\/wp\/v2\/product_line?post=11900"}],"curies":[{"name":"wp","href":"https:\/\/api.w.org\/{rel}","templated":true}]}}