{"id":11896,"date":"2025-12-16T10:53:50","date_gmt":"2025-12-16T15:53:50","guid":{"rendered":"https:\/\/nuestra-salud.com\/products\/sin%20categor\u00eda\/diente-de-leon\/"},"modified":"2026-04-16T11:47:14","modified_gmt":"2026-04-16T15:47:14","slug":"diente-de-leon","status":"publish","type":"product","link":"https:\/\/nuestra-salud.com\/es\/productos\/silver-line\/diente-de-leon\/","title":{"rendered":"Diente de Le\u00f3n"},"content":{"rendered":"<p><span style=\"font-weight: 400;\">Diente de Le\u00f3n es un potente depurativo natural, ideal para el tratamiento de malestares hep\u00e1ticos y renales. Con propiedades que alivian problemas digestivos, esta hierba es clave para una piel m\u00e1s saludable y un bienestar general. \u00a1Descubre sus m\u00faltiples beneficios!<\/span><\/p>\n<p>&nbsp;<\/p>\n<p><b>Beneficios:<\/b><\/p>\n<ul>\n<li style=\"font-weight: 400;\" aria-level=\"1\"><span style=\"font-weight: 400;\">Alivia problemas digestivos como estre\u00f1imiento.<\/span><\/li>\n<li style=\"font-weight: 400;\" aria-level=\"1\"><span style=\"font-weight: 400;\">Combate enfermedades como diabetes y reumatismo.<\/span><\/li>\n<li style=\"font-weight: 400;\" aria-level=\"1\"><span style=\"font-weight: 400;\">Eficaz en el tratamiento de acn\u00e9 y eczema.<\/span><\/li>\n<li style=\"font-weight: 400;\" aria-level=\"1\"><span style=\"font-weight: 400;\">Estimula la funci\u00f3n hep\u00e1tica y renal.<\/span><\/li>\n<\/ul>\n<p>&nbsp;<\/p>\n<p><b>\u00bfPor qu\u00e9 elegir Diente de Le\u00f3n?<\/b><b><br \/>\n<\/b><span style=\"font-weight: 400;\">Diente de Le\u00f3n de Nuestra Salud es la opci\u00f3n ideal para quienes buscan una soluci\u00f3n natural para desintoxicar su organismo y mejorar su salud digestiva y cut\u00e1nea.<\/span><\/p>\n","protected":false},"excerpt":{"rendered":"<p><span style=\"font-weight: 400;\">Diente de Le\u00f3n es un potente depurativo natural, ideal para el tratamiento de malestares hep\u00e1ticos y renales. Con propiedades que alivian problemas digestivos, esta hierba es clave para una piel m\u00e1s saludable y un bienestar general. \u00a1Descubre sus m\u00faltiples beneficios!<\/span><\/p>\n","protected":false},"featured_media":13049,"template":"","meta":[],"product_brand":[],"product_cat":[719],"product_tag":[475,477,474,476,438],"product_benefit":[508],"product_line":[514],"class_list":{"0":"post-11896","1":"product","2":"type-product","3":"status-publish","4":"has-post-thumbnail","6":"product_cat-silver-line","7":"product_tag-antiinflamatorio","8":"product_tag-control-de-diabetes","9":"product_tag-depurativo-natural","10":"product_tag-problemas-digestivos","11":"product_tag-salud-hepatica","12":"product_benefit-digestion-es","13":"product_line-linea-hierbas","15":"first","16":"instock","17":"shipping-taxable","18":"purchasable","19":"product-type-simple"},"_links":{"self":[{"href":"https:\/\/nuestra-salud.com\/es\/wp-json\/wp\/v2\/product\/11896","targetHints":{"allow":["GET"]}}],"collection":[{"href":"https:\/\/nuestra-salud.com\/es\/wp-json\/wp\/v2\/product"}],"about":[{"href":"https:\/\/nuestra-salud.com\/es\/wp-json\/wp\/v2\/types\/product"}],"wp:featuredmedia":[{"embeddable":true,"href":"https:\/\/nuestra-salud.com\/es\/wp-json\/wp\/v2\/media\/13049"}],"wp:attachment":[{"href":"https:\/\/nuestra-salud.com\/es\/wp-json\/wp\/v2\/media?parent=11896"}],"wp:term":[{"taxonomy":"product_brand","embeddable":true,"href":"https:\/\/nuestra-salud.com\/es\/wp-json\/wp\/v2\/product_brand?post=11896"},{"taxonomy":"product_cat","embeddable":true,"href":"https:\/\/nuestra-salud.com\/es\/wp-json\/wp\/v2\/product_cat?post=11896"},{"taxonomy":"product_tag","embeddable":true,"href":"https:\/\/nuestra-salud.com\/es\/wp-json\/wp\/v2\/product_tag?post=11896"},{"taxonomy":"product_benefit","embeddable":true,"href":"https:\/\/nuestra-salud.com\/es\/wp-json\/wp\/v2\/product_benefit?post=11896"},{"taxonomy":"product_line","embeddable":true,"href":"https:\/\/nuestra-salud.com\/es\/wp-json\/wp\/v2\/product_line?post=11896"}],"curies":[{"name":"wp","href":"https:\/\/api.w.org\/{rel}","templated":true}]}}