{"id":11885,"date":"2025-12-16T10:53:52","date_gmt":"2025-12-16T15:53:52","guid":{"rendered":"https:\/\/nuestra-salud.com\/products\/sin%20categor\u00eda\/cedron\/"},"modified":"2025-12-16T10:53:52","modified_gmt":"2025-12-16T15:53:52","slug":"cedron","status":"publish","type":"product","link":"https:\/\/nuestra-salud.com\/es\/productos\/silver-line\/cedron\/","title":{"rendered":"Cedr\u00f3n"},"content":{"rendered":"<p><span style=\"font-weight: 400;\">El Cedr\u00f3n es una hierba digestiva que calma el malestar estomacal y reduce las flatulencias. Tambi\u00e9n act\u00faa como un potente relajante natural, aliviando la ansiedad y el estr\u00e9s. \u00a1Convi\u00e9rtelo en tu aliado para una mejor digesti\u00f3n!  <\/span><\/p>\n<p>&nbsp;<\/p>\n<p><b>Beneficios:<\/b><\/p>\n<ul>\n<li style=\"font-weight: 400;\" aria-level=\"1\"><span style=\"font-weight: 400;\">Alivia dispepsias agudas y cr\u00f3nicas.<\/span><\/li>\n<li style=\"font-weight: 400;\" aria-level=\"1\"><span style=\"font-weight: 400;\">Relaja el sistema nervioso y reduce la ansiedad.<\/span><\/li>\n<li style=\"font-weight: 400;\" aria-level=\"1\"><span style=\"font-weight: 400;\">Act\u00faa como antiespasm\u00f3dico para c\u00f3licos biliares y renales.<\/span><\/li>\n<li style=\"font-weight: 400;\" aria-level=\"1\"><span style=\"font-weight: 400;\">Mejora el bienestar general y la salud digestiva.<\/span><\/li>\n<\/ul>\n<p>&nbsp;<\/p>\n<p><b>\u00bfPor qu\u00e9 elegir Cedr\u00f3n?<\/b><b><br \/>\n<\/b><span style=\"font-weight: 400;\">Cedr\u00f3n de Nuestra Salud es la elecci\u00f3n ideal para quienes desean un apoyo digestivo natural y efectivo. Sus propiedades calmantes y digestivas lo convierten en un complemento esencial para tu bienestar diario.  \u00a1Descubre su eficacia!<\/span><\/p>\n","protected":false},"excerpt":{"rendered":"<p><span style=\"font-weight: 400;\">El Cedr\u00f3n es una hierba digestiva que calma el malestar estomacal y reduce las flatulencias. Tambi\u00e9n act\u00faa como un potente relajante natural, aliviando la ansiedad y el estr\u00e9s. \u00a1Convi\u00e9rtelo en tu aliado para una mejor digesti\u00f3n!  <\/span><\/p>\n","protected":false},"featured_media":12443,"template":"","meta":[],"product_brand":[],"product_cat":[719],"product_tag":[456,457,458,414,454,455,459],"product_benefit":[508,512],"product_line":[514],"class_list":{"0":"post-11885","1":"product","2":"type-product","3":"status-publish","4":"has-post-thumbnail","6":"product_cat-silver-line","7":"product_tag-ansiedad","8":"product_tag-colicos-biliares","9":"product_tag-colicos-renales","10":"product_tag-digestion-es","11":"product_tag-estres","12":"product_tag-flatulencias","13":"product_tag-relajante-natural","14":"product_benefit-digestion-es","15":"product_benefit-vitalidad","16":"product_line-linea-hierbas","18":"first","19":"instock","20":"shipping-taxable","21":"purchasable","22":"product-type-simple"},"_links":{"self":[{"href":"https:\/\/nuestra-salud.com\/es\/wp-json\/wp\/v2\/product\/11885","targetHints":{"allow":["GET"]}}],"collection":[{"href":"https:\/\/nuestra-salud.com\/es\/wp-json\/wp\/v2\/product"}],"about":[{"href":"https:\/\/nuestra-salud.com\/es\/wp-json\/wp\/v2\/types\/product"}],"wp:featuredmedia":[{"embeddable":true,"href":"https:\/\/nuestra-salud.com\/es\/wp-json\/wp\/v2\/media\/12443"}],"wp:attachment":[{"href":"https:\/\/nuestra-salud.com\/es\/wp-json\/wp\/v2\/media?parent=11885"}],"wp:term":[{"taxonomy":"product_brand","embeddable":true,"href":"https:\/\/nuestra-salud.com\/es\/wp-json\/wp\/v2\/product_brand?post=11885"},{"taxonomy":"product_cat","embeddable":true,"href":"https:\/\/nuestra-salud.com\/es\/wp-json\/wp\/v2\/product_cat?post=11885"},{"taxonomy":"product_tag","embeddable":true,"href":"https:\/\/nuestra-salud.com\/es\/wp-json\/wp\/v2\/product_tag?post=11885"},{"taxonomy":"product_benefit","embeddable":true,"href":"https:\/\/nuestra-salud.com\/es\/wp-json\/wp\/v2\/product_benefit?post=11885"},{"taxonomy":"product_line","embeddable":true,"href":"https:\/\/nuestra-salud.com\/es\/wp-json\/wp\/v2\/product_line?post=11885"}],"curies":[{"name":"wp","href":"https:\/\/api.w.org\/{rel}","templated":true}]}}