{"id":11880,"date":"2025-12-16T10:53:53","date_gmt":"2025-12-16T15:53:53","guid":{"rendered":"https:\/\/nuestra-salud.com\/products\/sin%20categor\u00eda\/boldo\/"},"modified":"2025-12-16T10:53:53","modified_gmt":"2025-12-16T15:53:53","slug":"boldo","status":"publish","type":"product","link":"https:\/\/nuestra-salud.com\/es\/productos\/filtrantes\/boldo\/","title":{"rendered":"Boldo"},"content":{"rendered":"<p><span style=\"font-weight: 400;\">Boldo, conocido como el \u00abprotector del h\u00edgado\u00bb, mejora la digesti\u00f3n y la salud hep\u00e1tica. Ideal para quienes sufren de problemas digestivos, su uso frecuente potencia el bienestar. Descubre sus propiedades hepatoprotectoras en infusiones.<\/span><\/p>\n<p>&nbsp;<\/p>\n<p><b>Beneficios:<\/b><\/p>\n<ul>\n<li style=\"font-weight: 400;\" aria-level=\"1\"><span style=\"font-weight: 400;\">Favorece la eliminaci\u00f3n de bilis y grasas.<\/span><\/li>\n<li style=\"font-weight: 400;\" aria-level=\"1\"><span style=\"font-weight: 400;\">Alivia problemas hep\u00e1ticos y de ves\u00edcula.<\/span><\/li>\n<li style=\"font-weight: 400;\" aria-level=\"1\"><span style=\"font-weight: 400;\">Combate el estre\u00f1imiento cr\u00f3nico.<\/span><\/li>\n<li style=\"font-weight: 400;\" aria-level=\"1\"><span style=\"font-weight: 400;\">Contiene compuestos antiespasm\u00f3dicos y diur\u00e9ticos.<\/span><\/li>\n<\/ul>\n<p>&nbsp;<\/p>\n<p><b>\u00bfPor qu\u00e9 elegir Boldo?<\/b><b><br \/>\n<\/b><span style=\"font-weight: 400;\">Boldo de Nuestra Salud es la opci\u00f3n perfecta para quienes desean cuidar su h\u00edgado y mejorar su digesti\u00f3n de manera natural. Con su uso, potenciar\u00e1s tu salud hep\u00e1tica y tu bienestar general. \u00a1Descubre sus beneficios!<\/span><\/p>\n","protected":false},"excerpt":{"rendered":"<p><span style=\"font-weight: 400;\">Boldo, conocido como el \u00abprotector del h\u00edgado\u00bb, mejora la digesti\u00f3n y la salud hep\u00e1tica. Ideal para quienes sufren de problemas digestivos, su uso frecuente potencia el bienestar. Descubre sus propiedades hepatoprotectoras en infusiones.<\/span><\/p>\n","protected":false},"featured_media":12425,"template":"","meta":[],"product_brand":[],"product_cat":[716],"product_tag":[423,414,440,441,438,439],"product_benefit":[508],"product_line":[],"class_list":{"0":"post-11880","1":"product","2":"type-product","3":"status-publish","4":"has-post-thumbnail","6":"product_cat-filtrantes","7":"product_tag-detox-es","8":"product_tag-digestion-es","9":"product_tag-estrenimiento","10":"product_tag-higado-graso","11":"product_tag-salud-hepatica","12":"product_tag-vesicula","13":"product_benefit-digestion-es","15":"first","16":"instock","17":"shipping-taxable","18":"purchasable","19":"product-type-simple"},"_links":{"self":[{"href":"https:\/\/nuestra-salud.com\/es\/wp-json\/wp\/v2\/product\/11880","targetHints":{"allow":["GET"]}}],"collection":[{"href":"https:\/\/nuestra-salud.com\/es\/wp-json\/wp\/v2\/product"}],"about":[{"href":"https:\/\/nuestra-salud.com\/es\/wp-json\/wp\/v2\/types\/product"}],"wp:featuredmedia":[{"embeddable":true,"href":"https:\/\/nuestra-salud.com\/es\/wp-json\/wp\/v2\/media\/12425"}],"wp:attachment":[{"href":"https:\/\/nuestra-salud.com\/es\/wp-json\/wp\/v2\/media?parent=11880"}],"wp:term":[{"taxonomy":"product_brand","embeddable":true,"href":"https:\/\/nuestra-salud.com\/es\/wp-json\/wp\/v2\/product_brand?post=11880"},{"taxonomy":"product_cat","embeddable":true,"href":"https:\/\/nuestra-salud.com\/es\/wp-json\/wp\/v2\/product_cat?post=11880"},{"taxonomy":"product_tag","embeddable":true,"href":"https:\/\/nuestra-salud.com\/es\/wp-json\/wp\/v2\/product_tag?post=11880"},{"taxonomy":"product_benefit","embeddable":true,"href":"https:\/\/nuestra-salud.com\/es\/wp-json\/wp\/v2\/product_benefit?post=11880"},{"taxonomy":"product_line","embeddable":true,"href":"https:\/\/nuestra-salud.com\/es\/wp-json\/wp\/v2\/product_line?post=11880"}],"curies":[{"name":"wp","href":"https:\/\/api.w.org\/{rel}","templated":true}]}}